{"id":814,"date":"2023-11-25T01:27:56","date_gmt":"2023-11-25T01:27:56","guid":{"rendered":"https:\/\/petstore.estelleshondenhoeve.nl\/?page_id=814"},"modified":"2025-10-20T13:02:19","modified_gmt":"2025-10-20T13:02:19","slug":"petstore","status":"publish","type":"page","link":"https:\/\/petstore.estelleshondenhoeve.nl\/","title":{"rendered":"PetStore"},"content":{"rendered":"\t\t<div data-elementor-type=\"wp-page\" data-elementor-id=\"814\" class=\"elementor elementor-814\">\n\t\t\t\t<div class=\"elementor-element elementor-element-63aa17b e-flex e-con-boxed e-con e-parent\" data-id=\"63aa17b\" data-element_type=\"container\" data-e-type=\"container\">\n\t\t\t\t\t<div class=\"e-con-inner\">\n\t\t<div class=\"elementor-element elementor-element-172b280 e-con-full e-flex e-con e-child\" data-id=\"172b280\" data-element_type=\"container\" data-e-type=\"container\">\n\t\t\t\t<div class=\"elementor-element elementor-element-795a085 animated-slow e-transform e-transform elementor-invisible elementor-widget elementor-widget-image\" data-id=\"795a085\" data-element_type=\"widget\" data-e-type=\"widget\" data-settings=\"{&quot;_animation&quot;:&quot;fadeInLeft&quot;,&quot;_animation_delay&quot;:1200,&quot;_transform_rotateZ_effect_hover&quot;:{&quot;unit&quot;:&quot;px&quot;,&quot;size&quot;:10,&quot;sizes&quot;:[]},&quot;_transform_scale_effect_hover&quot;:{&quot;unit&quot;:&quot;px&quot;,&quot;size&quot;:1.3000000000000000444089209850062616169452667236328125,&quot;sizes&quot;:[]},&quot;_transform_rotateZ_effect_hover_tablet&quot;:{&quot;unit&quot;:&quot;deg&quot;,&quot;size&quot;:&quot;&quot;,&quot;sizes&quot;:[]},&quot;_transform_rotateZ_effect_hover_mobile&quot;:{&quot;unit&quot;:&quot;deg&quot;,&quot;size&quot;:&quot;&quot;,&quot;sizes&quot;:[]},&quot;_transform_scale_effect_hover_tablet&quot;:{&quot;unit&quot;:&quot;px&quot;,&quot;size&quot;:&quot;&quot;,&quot;sizes&quot;:[]},&quot;_transform_scale_effect_hover_mobile&quot;:{&quot;unit&quot;:&quot;px&quot;,&quot;size&quot;:&quot;&quot;,&quot;sizes&quot;:[]}}\" data-widget_type=\"image.default\">\n\t\t\t\t<div class=\"elementor-widget-container\">\n\t\t\t\t\t\t\t\t\t\t\t\t\t\t\t<img fetchpriority=\"high\" decoding=\"async\" width=\"1024\" height=\"796\" src=\"https:\/\/petstore.estelleshondenhoeve.nl\/wp-content\/uploads\/2025\/10\/LOGO-NIEUW-PNG-1024x796.png\" class=\"attachment-large size-large wp-image-1477\" alt=\"\" srcset=\"https:\/\/petstore.estelleshondenhoeve.nl\/wp-content\/uploads\/2025\/10\/LOGO-NIEUW-PNG-1024x796.png 1024w, https:\/\/petstore.estelleshondenhoeve.nl\/wp-content\/uploads\/2025\/10\/LOGO-NIEUW-PNG-300x233.png 300w, https:\/\/petstore.estelleshondenhoeve.nl\/wp-content\/uploads\/2025\/10\/LOGO-NIEUW-PNG-768x597.png 768w, https:\/\/petstore.estelleshondenhoeve.nl\/wp-content\/uploads\/2025\/10\/LOGO-NIEUW-PNG-1536x1194.png 1536w, https:\/\/petstore.estelleshondenhoeve.nl\/wp-content\/uploads\/2025\/10\/LOGO-NIEUW-PNG-600x466.png 600w, https:\/\/petstore.estelleshondenhoeve.nl\/wp-content\/uploads\/2025\/10\/LOGO-NIEUW-PNG.png 1750w\" sizes=\"(max-width: 1024px) 100vw, 1024px\" \/>\t\t\t\t\t\t\t\t\t\t\t\t\t\t\t<\/div>\n\t\t\t\t<\/div>\n\t\t\t\t<\/div>\n\t\t<div class=\"elementor-element elementor-element-1457eeb e-con-full e-flex e-con e-child\" data-id=\"1457eeb\" data-element_type=\"container\" data-e-type=\"container\">\n\t\t\t\t<div class=\"elementor-element elementor-element-5ab41e6 animated-slow elementor-invisible elementor-widget elementor-widget-text-editor\" data-id=\"5ab41e6\" data-element_type=\"widget\" data-e-type=\"widget\" data-settings=\"{&quot;_animation&quot;:&quot;fadeInLeft&quot;,&quot;_animation_delay&quot;:500}\" data-widget_type=\"text-editor.default\">\n\t\t\t\t<div class=\"elementor-widget-container\">\n\t\t\t\t\t\t\t\t\t<h4 style=\"text-align: justify;\"><span style=\"color: #000000;\">Welkom in mijn Pet Store!<\/span><\/h4><p style=\"text-align: justify;\"><span style=\"color: #000000;\">Alle producten die ik heb geselecteerd voor mijn Pet Store zijn van uitstekende kwaliteit. Zo ook de voeding die ik aanbied. Deze is gezond voor uw geliefde viervoeter en ik sta volledig achter mijn producten!<\/span><\/p><p><span style=\"color: #000000;\">Heeft u vragen over \u00e9\u00e9n van mijn producten, kunt u mij altijd tijdens openingstijden bellen. Mailen kan \u00e1ltijd.<\/span><\/p>\t\t\t\t\t\t\t\t<\/div>\n\t\t\t\t<\/div>\n\t\t\t\t<\/div>\n\t\t\t\t\t<\/div>\n\t\t\t\t<\/div>\n\t\t<div class=\"elementor-element elementor-element-e23804b e-flex e-con-boxed e-con e-parent\" data-id=\"e23804b\" data-element_type=\"container\" data-e-type=\"container\">\n\t\t\t\t\t<div class=\"e-con-inner\">\n\t\t\t\t<div class=\"elementor-element elementor-element-7f9c0de elementor-widget-divider--view-line elementor-widget elementor-widget-divider\" data-id=\"7f9c0de\" data-element_type=\"widget\" data-e-type=\"widget\" data-widget_type=\"divider.default\">\n\t\t\t\t<div class=\"elementor-widget-container\">\n\t\t\t\t\t\t\t<div class=\"elementor-divider\">\n\t\t\t<span class=\"elementor-divider-separator\">\n\t\t\t\t\t\t<\/span>\n\t\t<\/div>\n\t\t\t\t\t\t<\/div>\n\t\t\t\t<\/div>\n\t\t\t\t\t<\/div>\n\t\t\t\t<\/div>\n\t\t<div class=\"elementor-element elementor-element-e47ac48 e-flex e-con-boxed e-con e-parent\" data-id=\"e47ac48\" data-element_type=\"container\" data-e-type=\"container\">\n\t\t\t\t\t<div class=\"e-con-inner\">\n\t\t<div class=\"elementor-element elementor-element-720614b e-con-full e-flex e-con e-child\" data-id=\"720614b\" data-element_type=\"container\" data-e-type=\"container\">\n\t\t\t\t<div class=\"elementor-element elementor-element-79d4df4 animated-slow elementor-invisible elementor-widget elementor-widget-text-editor\" data-id=\"79d4df4\" data-element_type=\"widget\" data-e-type=\"widget\" data-settings=\"{&quot;_animation&quot;:&quot;fadeInDown&quot;,&quot;_animation_delay&quot;:500}\" data-widget_type=\"text-editor.default\">\n\t\t\t\t<div class=\"elementor-widget-container\">\n\t\t\t\t\t\t\t\t\t<p><span style=\"color: #000000;\"><strong>Levering \/ Afhalen<br \/><\/strong><\/span><br \/><span style=\"color: #000000;\">U kunt uw bestelling plaatsen en kiezen voor levering \u00f3f afhalen in mijn winkeltje.<br \/><\/span><br \/><span style=\"color: #000000;\"><strong>Leveringtijd<\/strong>: 3-4 werkdagen.<\/span><\/p>\t\t\t\t\t\t\t\t<\/div>\n\t\t\t\t<\/div>\n\t\t\t\t<\/div>\n\t\t<div class=\"elementor-element elementor-element-31a2f27 e-con-full e-flex e-con e-child\" data-id=\"31a2f27\" data-element_type=\"container\" data-e-type=\"container\">\n\t\t\t\t<div class=\"elementor-element elementor-element-c84464a animated-slow elementor-invisible elementor-widget elementor-widget-text-editor\" data-id=\"c84464a\" data-element_type=\"widget\" data-e-type=\"widget\" data-settings=\"{&quot;_animation&quot;:&quot;fadeInDown&quot;,&quot;_animation_delay&quot;:500}\" data-widget_type=\"text-editor.default\">\n\t\t\t\t<div class=\"elementor-widget-container\">\n\t\t\t\t\t\t\t\t\t<p style=\"text-align: justify;\"><span style=\"color: #000000;\"><strong>Openingstijden<br \/><\/strong><\/span><br \/><span style=\"color: #000000;\">Maandag &#8211; Dinsdag &#8211; Donderdag en Vrijdag van 09:00 uur tot 17:00 uur.<br \/><\/span><br \/><strong><span style=\"color: #000000;\">Adres: Stevensweg 251, Heerlen<\/span><\/strong><\/p>\t\t\t\t\t\t\t\t<\/div>\n\t\t\t\t<\/div>\n\t\t\t\t<\/div>\n\t\t<div class=\"elementor-element elementor-element-deb098e e-con-full e-flex e-con e-child\" data-id=\"deb098e\" data-element_type=\"container\" data-e-type=\"container\">\n\t\t\t\t<div class=\"elementor-element elementor-element-5a15b3f animated-slow elementor-invisible elementor-widget elementor-widget-text-editor\" data-id=\"5a15b3f\" data-element_type=\"widget\" data-e-type=\"widget\" data-settings=\"{&quot;_animation&quot;:&quot;fadeInDown&quot;,&quot;_animation_delay&quot;:500}\" data-widget_type=\"text-editor.default\">\n\t\t\t\t<div class=\"elementor-widget-container\">\n\t\t\t\t\t\t\t\t\t<p style=\"text-align: justify;\"><span style=\"color: #000000;\"><strong>Betaling<br \/><\/strong><\/span><br \/><span style=\"color: #000000;\">U kunt online betalen met iDeal of pinnen bij afhalen \u00f3f contant (graag gepast).<\/span><\/p>\t\t\t\t\t\t\t\t<\/div>\n\t\t\t\t<\/div>\n\t\t\t\t<\/div>\n\t\t\t\t\t<\/div>\n\t\t\t\t<\/div>\n\t\t\t\t<\/div>\n\t\t","protected":false},"excerpt":{"rendered":"<p>Welkom in mijn Pet Store! Alle producten die ik heb geselecteerd voor mijn Pet Store zijn van uitstekende kwaliteit. Zo ook de voeding die ik aanbied. Deze is gezond voor uw geliefde viervoeter en ik sta volledig achter mijn producten! Heeft u vragen over \u00e9\u00e9n van mijn producten, kunt u mij altijd tijdens openingstijden bellen. [&hellip;]<\/p>\n","protected":false},"author":1,"featured_media":0,"parent":0,"menu_order":0,"comment_status":"closed","ping_status":"closed","template":"","meta":{"footnotes":""},"class_list":["post-814","page","type-page","status-publish","hentry"],"blocksy_meta":[],"_links":{"self":[{"href":"https:\/\/petstore.estelleshondenhoeve.nl\/index.php?rest_route=\/wp\/v2\/pages\/814","targetHints":{"allow":["GET"]}}],"collection":[{"href":"https:\/\/petstore.estelleshondenhoeve.nl\/index.php?rest_route=\/wp\/v2\/pages"}],"about":[{"href":"https:\/\/petstore.estelleshondenhoeve.nl\/index.php?rest_route=\/wp\/v2\/types\/page"}],"author":[{"embeddable":true,"href":"https:\/\/petstore.estelleshondenhoeve.nl\/index.php?rest_route=\/wp\/v2\/users\/1"}],"replies":[{"embeddable":true,"href":"https:\/\/petstore.estelleshondenhoeve.nl\/index.php?rest_route=%2Fwp%2Fv2%2Fcomments&post=814"}],"version-history":[{"count":125,"href":"https:\/\/petstore.estelleshondenhoeve.nl\/index.php?rest_route=\/wp\/v2\/pages\/814\/revisions"}],"predecessor-version":[{"id":1515,"href":"https:\/\/petstore.estelleshondenhoeve.nl\/index.php?rest_route=\/wp\/v2\/pages\/814\/revisions\/1515"}],"wp:attachment":[{"href":"https:\/\/petstore.estelleshondenhoeve.nl\/index.php?rest_route=%2Fwp%2Fv2%2Fmedia&parent=814"}],"curies":[{"name":"wp","href":"https:\/\/api.w.org\/{rel}","templated":true}]}}